{"id":580,"date":"2022-01-26T12:02:15","date_gmt":"2022-01-26T12:02:15","guid":{"rendered":"http:\/\/www.epamig.br\/itac\/?page_id=580"},"modified":"2026-02-13T17:01:22","modified_gmt":"2026-02-13T17:01:22","slug":"processoseletivo","status":"publish","type":"page","link":"https:\/\/epamig.br\/itap\/processoseletivo\/","title":{"rendered":"Processo seletivo"},"content":{"rendered":"<p><strong>Resultado Processo Seletivo 2025 \u2013 EPAMIG ITAP Edital 02\/2025 <\/strong><\/p>\n<p><strong>\u00a0<\/strong><\/p>\n<p>De acordo com o Edital 02\/2025, em seus itens 1.1, 1.2, 2.5, 2.6, 2.7 e 4.1, a Coordenadoria de Ensino da EPAMIG ITAP torna p\u00fablica a rela\u00e7\u00e3o de candidatos <strong><u>aprovados e classificados<\/u><\/strong> para ingresso no curso superior de Tecnologia em Agropecu\u00e1ria de Precis\u00e3o para in\u00edcio no 1\u00ba semestre letivo de 2025:<\/p>\n<table width=\"642\">\n<tbody>\n<tr>\n<td width=\"100\"><strong>Classifica\u00e7\u00e3o <\/strong><\/td>\n<td width=\"202\"><strong>Nome <\/strong><\/td>\n<td width=\"82\"><strong>Grupo de inscri\u00e7\u00e3o <\/strong><\/td>\n<td width=\"81\"><strong>Grupo de aprova\u00e7\u00e3o <\/strong><\/td>\n<td width=\"58\"><strong>Nota m\u00e9dia<sup>1<\/sup> <\/strong><\/td>\n<td width=\"119\"><strong>Carga hor\u00e1ria pass\u00edvel de aproveitamento<sup>2<\/sup> <\/strong><\/td>\n<\/tr>\n<tr>\n<td width=\"100\">1\u00ba<\/td>\n<td width=\"202\">Jos\u00e9 Elboson de Souza<\/td>\n<td width=\"82\">A<\/td>\n<td width=\"81\">A<\/td>\n<td width=\"58\">72,0<\/td>\n<td width=\"119\">&#8211;<\/td>\n<\/tr>\n<tr>\n<td width=\"100\">2\u00ba<\/td>\n<td width=\"202\">Fernanda Aparecida Borges<\/td>\n<td width=\"82\">A<\/td>\n<td width=\"81\">A<\/td>\n<td width=\"58\">68,5<\/td>\n<td width=\"119\">&#8211;<\/td>\n<\/tr>\n<tr>\n<td width=\"100\">3\u00ba<\/td>\n<td width=\"202\">Nilson Lourenco de Ara\u00fajo<\/td>\n<td width=\"82\">B<\/td>\n<td width=\"81\">B<\/td>\n<td width=\"58\">&#8211;<\/td>\n<td width=\"119\">345<\/td>\n<\/tr>\n<tr>\n<td width=\"100\">4\u00ba<\/td>\n<td width=\"202\">Wesley de Araujo Botto<\/td>\n<td width=\"82\">A<\/td>\n<td width=\"81\">A<\/td>\n<td width=\"58\">62,7<\/td>\n<td width=\"119\">&#8211;<\/td>\n<\/tr>\n<tr>\n<td width=\"100\">5\u00ba<\/td>\n<td width=\"202\">Kamila Natiele Estrela Fernandes<\/td>\n<td width=\"82\">A<\/td>\n<td width=\"81\">A<\/td>\n<td width=\"58\">62,7<\/td>\n<td width=\"119\">&#8211;<\/td>\n<\/tr>\n<tr>\n<td width=\"100\">6\u00ba<\/td>\n<td width=\"202\">Gustavo Fernandes Serafini<\/td>\n<td width=\"82\">A<\/td>\n<td width=\"81\">B<\/td>\n<td width=\"58\">&#8211;<\/td>\n<td width=\"119\">120<\/td>\n<\/tr>\n<tr>\n<td width=\"100\">7\u00ba<\/td>\n<td width=\"202\">Lucas Monteiro de Oliveira<\/td>\n<td width=\"82\">A<\/td>\n<td width=\"81\">A<\/td>\n<td width=\"58\">61,5<\/td>\n<td width=\"119\">&#8211;<\/td>\n<\/tr>\n<tr>\n<td width=\"100\">8\u00ba<\/td>\n<td width=\"202\">Robson Guilherme Rodrigues Costa<\/td>\n<td width=\"82\">A<\/td>\n<td width=\"81\">A<\/td>\n<td width=\"58\">60,5<\/td>\n<td width=\"119\">&#8211;<\/td>\n<\/tr>\n<\/tbody>\n<\/table>\n<p><strong><sup>1<\/sup> <\/strong>Calculada conforme item 4.6 do edital. <strong><sup>2<\/sup><\/strong> Estimada conforme item 4.7 do edital.<\/p>\n<p>&nbsp;<\/p>\n<p>Candidato excedente <strong>aprovado e n\u00e3o classificado<\/strong>. O candidato abaixo listado comp\u00f5e o quadro de espera. Sua convoca\u00e7\u00e3o poder\u00e1 ocorrer em caso disponibilidade de vaga pela n\u00e3o efetiva\u00e7\u00e3o da matr\u00edcula pelos candidatos aprovados e classificados.<\/p>\n<table width=\"642\">\n<tbody>\n<tr>\n<td width=\"100\"><strong>Classifica\u00e7\u00e3o <\/strong><\/td>\n<td width=\"187\"><strong>Nome <\/strong><\/td>\n<td width=\"77\"><strong>Grupo de inscri\u00e7\u00e3o <\/strong><\/td>\n<td width=\"92\"><strong>Grupo de convoca\u00e7\u00e3o <\/strong><\/td>\n<td width=\"69\"><strong>Nota m\u00e9dia<sup>1<\/sup> <\/strong><\/td>\n<td width=\"119\"><strong>Carga hor\u00e1ria pass\u00edvel de aproveitamento<sup>2<\/sup> <\/strong><\/td>\n<\/tr>\n<tr>\n<td width=\"100\">Excedente<\/td>\n<td width=\"187\">Weslley Adam de Amorim<\/td>\n<td width=\"77\">A<\/td>\n<td width=\"92\">B<\/td>\n<td width=\"69\">&#8211;<\/td>\n<td width=\"119\">15<\/td>\n<\/tr>\n<\/tbody>\n<\/table>\n<ul>\n<li>Calculada conforme item 4.6 do edital.<\/li>\n<li>Estimada conforme item 4.7 do edital.<\/li>\n<\/ul>\n<p>&nbsp;<\/p>\n<p>&nbsp;<\/p>\n<p>&nbsp;<\/p>\n<p>&nbsp;<\/p>\n<p>&nbsp;<\/p>\n<p><strong>INTERPOSI\u00c7\u00c3O DE RECURSO:<\/strong><\/p>\n<p>O(A) candidato(a) ter\u00e1 <strong>at\u00e9 \u00e0s 13h00 do dia 17\/02\/2025<\/strong> para questionar a nota divulgada, apresentando documenta\u00e7\u00e3o comprobat\u00f3ria, via <strong>e-mail (<\/strong><strong><u>processoseletivo@epamig.br<\/u>)<\/strong> ou presencialmente na Secretaria de Ensino da EPAMIG ITAP. Ao redigir o e-mail, no campo assunto, dever\u00e1 constar o seguinte texto: \u201cRECURSO PROCESSO SELETIVO ITAP\u201d.<\/p>\n<p><em>\u00a0<\/em><\/p>\n<p><strong>MATR\u00cdCULA: <\/strong><\/p>\n<p>A lista definitiva com os(as) candidatos(as) convocados(as) para a matr\u00edcula em 2\u00aa chamada ser\u00e1 divulgada no dia <strong>18\/02\/2025<\/strong>. Para a realiza\u00e7\u00e3o da matr\u00edcula, que poder\u00e1 ser realizada de forma remota ou presencialmente na Secretaria de Ensino do Instituto, o(a) candidato(a) dever\u00e1 preencher o formul\u00e1rio pr\u00f3prio, que ser\u00e1 disponibilizado no endere\u00e7o <a href=\"http:\/\/www.epamig.br\/itap\/processoseletivo\"><strong>www.epamig.br\/itap\/processoseletivo<\/strong><\/a> e encaminhar eletronicamente os documentos listados nos itens 6.1 e, conforme o caso, 6.2 (Grupo A) ou 6.3 (Grupo B) <strong>no per\u00edodo de 18 a 20\/02\/2025<\/strong>.<\/p>\n","protected":false},"excerpt":{"rendered":"<p>Resultado Processo Seletivo 2025 \u2013 EPAMIG ITAP Edital 02\/2025 \u00a0 De acordo com o Edital 02\/2025, em seus itens 1.1, 1.2, 2.5, 2.6, 2.7 e 4.1, a Coordenadoria de Ensino [&hellip;]<\/p>\n","protected":false},"author":1,"featured_media":0,"parent":0,"menu_order":0,"comment_status":"closed","ping_status":"closed","template":"","meta":{"_acf_changed":false,"footnotes":"","_links_to":"","_links_to_target":""},"class_list":["post-580","page","type-page","status-publish","hentry"],"acf":[],"_links":{"self":[{"href":"https:\/\/epamig.br\/itap\/wp-json\/wp\/v2\/pages\/580"}],"collection":[{"href":"https:\/\/epamig.br\/itap\/wp-json\/wp\/v2\/pages"}],"about":[{"href":"https:\/\/epamig.br\/itap\/wp-json\/wp\/v2\/types\/page"}],"author":[{"embeddable":true,"href":"https:\/\/epamig.br\/itap\/wp-json\/wp\/v2\/users\/1"}],"replies":[{"embeddable":true,"href":"https:\/\/epamig.br\/itap\/wp-json\/wp\/v2\/comments?post=580"}],"version-history":[{"count":0,"href":"https:\/\/epamig.br\/itap\/wp-json\/wp\/v2\/pages\/580\/revisions"}],"wp:attachment":[{"href":"https:\/\/epamig.br\/itap\/wp-json\/wp\/v2\/media?parent=580"}],"curies":[{"name":"wp","href":"https:\/\/api.w.org\/{rel}","templated":true}]}}