{"id":155,"date":"2020-07-31T10:56:15","date_gmt":"2020-07-31T10:56:15","guid":{"rendered":"http:\/\/www.epamig.br\/itac\/?page_id=155"},"modified":"2024-09-30T11:07:23","modified_gmt":"2024-09-30T11:07:23","slug":"siac","status":"publish","type":"page","link":"https:\/\/epamig.br\/itap\/siac\/","title":{"rendered":"SIAC"},"content":{"rendered":"<p>Sistema Acad\u00eamico com informa\u00e7\u00f5es para os professores, estudantes e administradores acad\u00eamicos.<\/p>\n<p>Acesse:\u00a0<a href=\"https:\/\/webgiz.aix.com.br\/epamig\/index.php\">https:\/\/webgiz.aix.com.br\/epamig\/index.php<\/a><\/p>\n","protected":false},"excerpt":{"rendered":"<p>Sistema Acad\u00eamico com informa\u00e7\u00f5es para os professores, estudantes e administradores acad\u00eamicos. Acesse:\u00a0https:\/\/webgiz.aix.com.br\/epamig\/index.php<\/p>\n","protected":false},"author":1,"featured_media":0,"parent":0,"menu_order":0,"comment_status":"closed","ping_status":"closed","template":"","meta":{"_acf_changed":false,"footnotes":"","_links_to":"","_links_to_target":""},"class_list":["post-155","page","type-page","status-publish","hentry"],"acf":[],"_links":{"self":[{"href":"https:\/\/epamig.br\/itap\/wp-json\/wp\/v2\/pages\/155"}],"collection":[{"href":"https:\/\/epamig.br\/itap\/wp-json\/wp\/v2\/pages"}],"about":[{"href":"https:\/\/epamig.br\/itap\/wp-json\/wp\/v2\/types\/page"}],"author":[{"embeddable":true,"href":"https:\/\/epamig.br\/itap\/wp-json\/wp\/v2\/users\/1"}],"replies":[{"embeddable":true,"href":"https:\/\/epamig.br\/itap\/wp-json\/wp\/v2\/comments?post=155"}],"version-history":[{"count":0,"href":"https:\/\/epamig.br\/itap\/wp-json\/wp\/v2\/pages\/155\/revisions"}],"wp:attachment":[{"href":"https:\/\/epamig.br\/itap\/wp-json\/wp\/v2\/media?parent=155"}],"curies":[{"name":"wp","href":"https:\/\/api.w.org\/{rel}","templated":true}]}}