{"id":155,"date":"2020-07-31T10:56:15","date_gmt":"2020-07-31T10:56:15","guid":{"rendered":"https:\/\/epamig.br\/ilct\/?page_id=155"},"modified":"2024-08-19T11:31:00","modified_gmt":"2024-08-19T11:31:00","slug":"siac","status":"publish","type":"page","link":"https:\/\/epamig.br\/ilct\/siac\/","title":{"rendered":"SIAC"},"content":{"rendered":"<p>O Sistema Acad\u00eamico (SIAC) com informa\u00e7\u00f5es para os professores, estudantes e administradores acad\u00eamicos pode ser acessado <a href=\"https:\/\/webgiz.aix.com.br\/epamig\/index.php\" target=\"_blank\" rel=\"noopener\">CLICANDO AQUI<\/a>.<\/p>\n","protected":false},"excerpt":{"rendered":"<p>O Sistema Acad\u00eamico (SIAC) com informa\u00e7\u00f5es para os professores, estudantes e administradores acad\u00eamicos pode ser acessado CLICANDO AQUI.<\/p>\n","protected":false},"author":1,"featured_media":0,"parent":0,"menu_order":0,"comment_status":"closed","ping_status":"closed","template":"","meta":{"_acf_changed":false,"footnotes":"","_links_to":"","_links_to_target":""},"class_list":["post-155","page","type-page","status-publish","hentry"],"acf":[],"_links":{"self":[{"href":"https:\/\/epamig.br\/ilct\/wp-json\/wp\/v2\/pages\/155","targetHints":{"allow":["GET"]}}],"collection":[{"href":"https:\/\/epamig.br\/ilct\/wp-json\/wp\/v2\/pages"}],"about":[{"href":"https:\/\/epamig.br\/ilct\/wp-json\/wp\/v2\/types\/page"}],"author":[{"embeddable":true,"href":"https:\/\/epamig.br\/ilct\/wp-json\/wp\/v2\/users\/1"}],"replies":[{"embeddable":true,"href":"https:\/\/epamig.br\/ilct\/wp-json\/wp\/v2\/comments?post=155"}],"version-history":[{"count":0,"href":"https:\/\/epamig.br\/ilct\/wp-json\/wp\/v2\/pages\/155\/revisions"}],"wp:attachment":[{"href":"https:\/\/epamig.br\/ilct\/wp-json\/wp\/v2\/media?parent=155"}],"curies":[{"name":"wp","href":"https:\/\/api.w.org\/{rel}","templated":true}]}}