{"id":1374,"date":"2023-08-22T14:01:34","date_gmt":"2023-08-22T14:01:34","guid":{"rendered":"https:\/\/epamig.br\/ilct\/?page_id=1374"},"modified":"2026-05-06T18:22:44","modified_gmt":"2026-05-06T18:22:44","slug":"editais","status":"publish","type":"page","link":"https:\/\/epamig.br\/ilct\/editais\/","title":{"rendered":"Editais Abertos"},"content":{"rendered":"<h3>Edital de Sele\u00e7\u00e3o de Bolsista BDCTI<\/h3>\n<p>A Unidade Regional Instituto de Latic\u00ednios C\u00e2ndido Tostes, da Empresa de Pesquisa Agropecu\u00e1ria de Minas Gerais (EPAMIG ILCT), torna p\u00fablica a abertura de inscri\u00e7\u00f5es para sele\u00e7\u00e3o de discente do(s) curso(s) de gradua\u00e7\u00e3o em latic\u00ednios, engenharia de alimentos e \u00e1reas afins, para atuar como bolsista na EPAMIG \/ FAPEMIG.<\/p>\n<ul>\n<li>Per\u00edodo de inscri\u00e7\u00f5es: <b>06 a 10 de maio de 2026<\/b><\/li>\n<li>Orientador: Paulo Henrique Costa Paiva<\/li>\n<li>Edital: <a href=\"https:\/\/epamig.br\/ilct\/wp-content\/uploads\/2026\/05\/Edital-I-2026-BDCTI-Projeto-Bebida-Lactea-probiotica-com-leitelho-e-semente-de-manga-germinada-FAPEMIG-PPE-00079-24_-_Copia_assinado.pdf\" target=\"_blank\" rel=\"noopener\">CLIQUE AQUI<\/a> para acessar<\/li>\n<\/ul>\n<h3><img loading=\"lazy\" decoding=\"async\" class=\"alignnone size-large wp-image-1389\" src=\"https:\/\/epamig.br\/ilct\/wp-content\/uploads\/2023\/08\/linha-1024x38.png\" alt=\"\" width=\"1024\" height=\"38\" srcset=\"https:\/\/epamig.br\/ilct\/wp-content\/uploads\/2023\/08\/linha-1024x38.png 1024w, https:\/\/epamig.br\/ilct\/wp-content\/uploads\/2023\/08\/linha-300x11.png 300w, https:\/\/epamig.br\/ilct\/wp-content\/uploads\/2023\/08\/linha-768x29.png 768w\" sizes=\"auto, (max-width: 1024px) 100vw, 1024px\" \/><\/h3>\n<h3>Edital de Sele\u00e7\u00e3o de Bolsista BDCTI-III<\/h3>\n<p>A Unidade Regional Instituto de Latic\u00ednios C\u00e2ndido Tostes, da Empresa de Pesquisa Agropecu\u00e1ria de Minas Gerais (EPAMIG ILCT), torna p\u00fablica a abertura de inscri\u00e7\u00f5es para sele\u00e7\u00e3o de discente do(s) curso(s) de gradua\u00e7\u00e3o em latic\u00ednios, engenharia de alimentos e \u00e1reas afins. O candidato deve ser estudante de mestrado na \u00e1rea compat\u00edvel com as atividades previstas no projeto, ou possuir no m\u00ednimo 2 (dois) anos de efetiva experi\u00eancia no apoio em atividades de pesquisa, desenvolvimento tecnol\u00f3gico ou inova\u00e7\u00e3o, relacionadas com as atividades do projeto, para atuar como bolsista de BDCTI-III \/ EPAMIG \/ FAPEMIG.<\/p>\n<ul>\n<li>Per\u00edodo de inscri\u00e7\u00f5es: <strong>06 a 10 de maio de 2026<\/strong><\/li>\n<li>Orientadora: Ana Fl\u00e1via Coelho Pacheco<\/li>\n<li>Edital: <a href=\"https:\/\/epamig.br\/ilct\/wp-content\/uploads\/2026\/05\/Edital-I-2025-BDCTI-Inovacao-Sustentavel-Bebida-Lactea-Fermentada-fortificada-com-farinha-mista-de-polpa-casca-e-sementes-de-frutas.pdf\" target=\"_blank\" rel=\"noopener\">CLIQUE AQUI<\/a> para acessar<\/li>\n<\/ul>\n<p>&nbsp;<\/p>\n","protected":false},"excerpt":{"rendered":"<p>Edital de Sele\u00e7\u00e3o de Bolsista BDCTI A Unidade Regional Instituto de Latic\u00ednios C\u00e2ndido Tostes, da Empresa de Pesquisa Agropecu\u00e1ria de Minas Gerais (EPAMIG ILCT), torna p\u00fablica a abertura de inscri\u00e7\u00f5es [&hellip;]<\/p>\n","protected":false},"author":4,"featured_media":0,"parent":0,"menu_order":0,"comment_status":"closed","ping_status":"closed","template":"","meta":{"_acf_changed":false,"footnotes":"","_links_to":"","_links_to_target":""},"class_list":["post-1374","page","type-page","status-publish","hentry"],"acf":[],"_links":{"self":[{"href":"https:\/\/epamig.br\/ilct\/wp-json\/wp\/v2\/pages\/1374","targetHints":{"allow":["GET"]}}],"collection":[{"href":"https:\/\/epamig.br\/ilct\/wp-json\/wp\/v2\/pages"}],"about":[{"href":"https:\/\/epamig.br\/ilct\/wp-json\/wp\/v2\/types\/page"}],"author":[{"embeddable":true,"href":"https:\/\/epamig.br\/ilct\/wp-json\/wp\/v2\/users\/4"}],"replies":[{"embeddable":true,"href":"https:\/\/epamig.br\/ilct\/wp-json\/wp\/v2\/comments?post=1374"}],"version-history":[{"count":21,"href":"https:\/\/epamig.br\/ilct\/wp-json\/wp\/v2\/pages\/1374\/revisions"}],"predecessor-version":[{"id":5300,"href":"https:\/\/epamig.br\/ilct\/wp-json\/wp\/v2\/pages\/1374\/revisions\/5300"}],"wp:attachment":[{"href":"https:\/\/epamig.br\/ilct\/wp-json\/wp\/v2\/media?parent=1374"}],"curies":[{"name":"wp","href":"https:\/\/api.w.org\/{rel}","templated":true}]}}